{"id":3373,"date":"2017-06-07T14:30:24","date_gmt":"2017-06-07T14:30:24","guid":{"rendered":"https:\/\/bambudeco.com\/about-us\/"},"modified":"2026-02-03T08:21:37","modified_gmt":"2026-02-03T08:21:37","slug":"about-us","status":"publish","type":"page","link":"https:\/\/bambudeco.com\/en\/about-us\/","title":{"rendered":"About us"},"content":{"rendered":"\t\t<div data-elementor-type=\"wp-page\" data-elementor-id=\"3373\" class=\"elementor elementor-3373 elementor-240\" data-elementor-post-type=\"page\">\n\t\t\t\t\t\t<section class=\"elementor-section elementor-top-section elementor-element elementor-element-63e6 elementor-section-boxed elementor-section-height-default elementor-section-height-default\" data-id=\"63e6\" data-element_type=\"section\">\n\t\t\t\t\t\t<div class=\"elementor-container elementor-column-gap-default\">\n\t\t\t\t\t<div class=\"elementor-column elementor-col-100 elementor-top-column elementor-element elementor-element-3241\" data-id=\"3241\" data-element_type=\"column\">\n\t\t\t<div class=\"elementor-widget-wrap elementor-element-populated\">\n\t\t\t\t\t\t<div class=\"elementor-element elementor-element-74b elementor-widget elementor-widget-heading\" data-id=\"74b\" data-element_type=\"widget\" data-widget_type=\"heading.default\">\n\t\t\t\t<div class=\"elementor-widget-container\">\n\t\t\t\t\t<h2 class=\"elementor-heading-title elementor-size-default\">Natural design that transforms spaces<\/h2>\t\t\t\t<\/div>\n\t\t\t\t<\/div>\n\t\t\t\t<div class=\"elementor-element elementor-element-2528 elementor-widget elementor-widget-text-editor\" data-id=\"2528\" data-element_type=\"widget\" data-widget_type=\"text-editor.default\">\n\t\t\t\t<div class=\"elementor-widget-container\">\n\t\t\t\t\t\t\t\t\t<p data-start=\"329\" data-end=\"678\">At <strong data-start=\"332\" data-end=\"346\">Bamb\u00fa Deco<\/strong>, we believe that a home should convey balance, warmth, and personality. That&#8217;s why we design and select <strong data-start=\"454\" data-end=\"497\">bamboo furniture and natural materials<\/strong> that combine aesthetics, functionality, and respect for the environment. Each piece is designed to create welcoming, elegant, and timeless environments, both indoors and outdoors.<\/p>\n<p data-start=\"680\" data-end=\"824\">Our goal is to offer decorating solutions that connect with a conscious lifestyle, where quality and design go hand in hand.<\/p>\t\t\t\t\t\t\t\t<\/div>\n\t\t\t\t<\/div>\n\t\t\t\t\t<\/div>\n\t\t<\/div>\n\t\t\t\t\t<\/div>\n\t\t<\/section>\n\t\t\t\t<section class=\"elementor-section elementor-top-section elementor-element elementor-element-5872 elementor-section-boxed elementor-section-height-default elementor-section-height-default\" data-id=\"5872\" data-element_type=\"section\">\n\t\t\t\t\t\t<div class=\"elementor-container elementor-column-gap-default\">\n\t\t\t\t\t<div class=\"elementor-column elementor-col-100 elementor-top-column elementor-element elementor-element-317d\" data-id=\"317d\" data-element_type=\"column\">\n\t\t\t<div class=\"elementor-widget-wrap elementor-element-populated\">\n\t\t\t\t\t\t<div class=\"elementor-element elementor-element-4d27 elementor-widget elementor-widget-sober-section-heading\" data-id=\"4d27\" data-element_type=\"widget\" data-widget_type=\"sober-section-heading.default\">\n\t\t\t\t<div class=\"elementor-widget-container\">\n\t\t\t\t\t<h2 class=\"sober-section-heading sober-section-heading--default\"><span class=\"sober-section-heading__title\">Specialists in bamboo furniture and sustainable decoration<\/span><\/h2>\t\t\t\t<\/div>\n\t\t\t\t<\/div>\n\t\t\t\t<div class=\"elementor-element elementor-element-6bd4 elementor-widget elementor-widget-sober-icon-box-carousel\" data-id=\"6bd4\" data-element_type=\"widget\" data-settings=\"{&quot;items_to_show&quot;:&quot;4&quot;,&quot;items_to_show_tablet&quot;:2,&quot;items_to_show_mobile&quot;:1}\" data-widget_type=\"sober-icon-box-carousel.default\">\n\t\t\t\t<div class=\"elementor-widget-container\">\n\t\t\t\t\t\t\t<div class=\"sober-icon-box-carousel\">\n\t\t\t\t\t\t\t\t\t\t\t<div class=\"sober-icon-box sober-icon-box-carousel__box icon-type-external icon-style-normal elementor-repeater-item-956b71d\">\n\t\t\t\t\t<div class=\"sober-icon-box__icon box-icon\">\n\t\t\t\t\t\t<img decoding=\"async\" alt=\"Careful design and high-quality finishes\" src=\"https:\/\/ik.imagekit.io\/vn49p9jmnnv7g\/sober\/rocket_5RTHnVkFv.svg\">\t\t\t\t\t<\/div>\n\t\t\t\t\t<h3 class=\"sober-icon-box__title box-title\">Careful design and high-quality finishes<\/h3>\n\t\t\t\t\t<div class=\"sober-icon-box__content box-content\"><\/div>\n\t\t\t\t<\/div>\n\t\t\t\t\t\t\t\t\t\t\t<div class=\"sober-icon-box sober-icon-box-carousel__box icon-type-external icon-style-normal elementor-repeater-item-e16e4ef\">\n\t\t\t\t\t<div class=\"sober-icon-box__icon box-icon\">\n\t\t\t\t\t\t<img decoding=\"async\" alt=\"Resistant and sustainable materials\" src=\"https:\/\/ik.imagekit.io\/vn49p9jmnnv7g\/sober\/social_N6LfStkC2.svg\">\t\t\t\t\t<\/div>\n\t\t\t\t\t<h3 class=\"sober-icon-box__title box-title\">Resistant and sustainable materials<\/h3>\n\t\t\t\t\t<div class=\"sober-icon-box__content box-content\"><\/div>\n\t\t\t\t<\/div>\n\t\t\t\t\t\t\t\t\t\t\t<div class=\"sober-icon-box sober-icon-box-carousel__box icon-type-external icon-style-normal elementor-repeater-item-130a56c\">\n\t\t\t\t\t<div class=\"sober-icon-box__icon box-icon\">\n\t\t\t\t\t\t<img decoding=\"async\" alt=\"Comfort and functionality in daily use\" src=\"https:\/\/ik.imagekit.io\/vn49p9jmnnv7g\/sober\/partnership_Mnpr3q64B.svg\">\t\t\t\t\t<\/div>\n\t\t\t\t\t<h3 class=\"sober-icon-box__title box-title\">Comfort and functionality in daily use<\/h3>\n\t\t\t\t\t<div class=\"sober-icon-box__content box-content\"><\/div>\n\t\t\t\t<\/div>\n\t\t\t\t\t\t\t\t\t\t\t<div class=\"sober-icon-box sober-icon-box-carousel__box icon-type-external icon-style-normal elementor-repeater-item-ece25bc\">\n\t\t\t\t\t<div class=\"sober-icon-box__icon box-icon\">\n\t\t\t\t\t\t<img decoding=\"async\" alt=\"Natural and elegant aesthetics\" src=\"https:\/\/ik.imagekit.io\/vn49p9jmnnv7g\/sober\/chair_30Y9fFH_pE.svg\">\t\t\t\t\t<\/div>\n\t\t\t\t\t<h3 class=\"sober-icon-box__title box-title\">Natural and elegant aesthetics<\/h3>\n\t\t\t\t\t<div class=\"sober-icon-box__content box-content\"><\/div>\n\t\t\t\t<\/div>\n\t\t\t\t\t<\/div>\n\t\t\t\t\t\t<\/div>\n\t\t\t\t<\/div>\n\t\t\t\t\t<\/div>\n\t\t<\/div>\n\t\t\t\t\t<\/div>\n\t\t<\/section>\n\t\t\t\t<section class=\"elementor-section elementor-top-section elementor-element elementor-element-616c elementor-section-stretched elementor-section-full_width elementor-section-height-default elementor-section-height-default\" data-id=\"616c\" data-element_type=\"section\" data-settings=\"{&quot;stretch_section&quot;:&quot;section-stretched&quot;,&quot;background_background&quot;:&quot;classic&quot;}\">\n\t\t\t\t\t\t<div class=\"elementor-container elementor-column-gap-default\">\n\t\t\t\t\t<div class=\"elementor-column elementor-col-33 elementor-top-column elementor-element elementor-element-14c3\" data-id=\"14c3\" data-element_type=\"column\">\n\t\t\t<div class=\"elementor-widget-wrap\">\n\t\t\t\t\t\t\t<\/div>\n\t\t<\/div>\n\t\t\t\t<div class=\"elementor-column elementor-col-33 elementor-top-column elementor-element elementor-element-3a1f\" data-id=\"3a1f\" data-element_type=\"column\">\n\t\t\t<div class=\"elementor-widget-wrap elementor-element-populated\">\n\t\t\t\t\t\t<div class=\"elementor-element elementor-element-7140 elementor-widget elementor-widget-sober-section-heading\" data-id=\"7140\" data-element_type=\"widget\" data-widget_type=\"sober-section-heading.default\">\n\t\t\t\t<div class=\"elementor-widget-container\">\n\t\t\t\t\t<h2 class=\"sober-section-heading sober-section-heading--default\"><span class=\"sober-section-heading__title\">Spaces that inspire well-being<\/span><\/h2>\t\t\t\t<\/div>\n\t\t\t\t<\/div>\n\t\t\t\t<div class=\"elementor-element elementor-element-6879 elementor-widget elementor-widget-text-editor\" data-id=\"6879\" data-element_type=\"widget\" data-widget_type=\"text-editor.default\">\n\t\t\t\t<div class=\"elementor-widget-container\">\n\t\t\t\t\t\t\t\t\t<p data-start=\"1389\" data-end=\"1587\">We believe that a well-designed space directly influences how we live and enjoy our daily lives. That&#8217;s why we are committed to furniture that invites you to relax, share, and connect with the environment.<\/p>\n<p data-start=\"1589\" data-end=\"1761\">From bamboo armchairs and sofas to tables and decorative pieces, each product is designed to bring harmony, personality, and comfort to your home or professional project.<\/p>\t\t\t\t\t\t\t\t<\/div>\n\t\t\t\t<\/div>\n\t\t\t\t<div class=\"elementor-element elementor-element-9be elementor-widget elementor-widget-heading\" data-id=\"9be\" data-element_type=\"widget\" data-widget_type=\"heading.default\">\n\t\t\t\t<div class=\"elementor-widget-container\">\n\t\t\t\t\t<span class=\"elementor-heading-title elementor-size-default\">Bamb\u00fa Deco<\/span>\t\t\t\t<\/div>\n\t\t\t\t<\/div>\n\t\t\t\t\t<\/div>\n\t\t<\/div>\n\t\t\t\t<div class=\"elementor-column elementor-col-33 elementor-top-column elementor-element elementor-element-661cf6d\" data-id=\"661cf6d\" data-element_type=\"column\">\n\t\t\t<div class=\"elementor-widget-wrap\">\n\t\t\t\t\t\t\t<\/div>\n\t\t<\/div>\n\t\t\t\t\t<\/div>\n\t\t<\/section>\n\t\t\t\t<section class=\"elementor-section elementor-top-section elementor-element elementor-element-593b elementor-hidden-desktop elementor-hidden-tablet elementor-hidden-mobile elementor-section-boxed elementor-section-height-default elementor-section-height-default\" data-id=\"593b\" data-element_type=\"section\">\n\t\t\t\t\t\t<div class=\"elementor-container elementor-column-gap-default\">\n\t\t\t\t\t<div class=\"elementor-column elementor-col-100 elementor-top-column elementor-element elementor-element-3ca\" data-id=\"3ca\" data-element_type=\"column\">\n\t\t\t<div class=\"elementor-widget-wrap elementor-element-populated\">\n\t\t\t\t\t\t<div class=\"elementor-element elementor-element-1335 elementor-widget elementor-widget-sober-section-heading\" data-id=\"1335\" data-element_type=\"widget\" data-widget_type=\"sober-section-heading.default\">\n\t\t\t\t<div class=\"elementor-widget-container\">\n\t\t\t\t\t<h2 class=\"sober-section-heading sober-section-heading--default\"><span class=\"sober-section-heading__title\">Company Partners<\/span><\/h2>\t\t\t\t<\/div>\n\t\t\t\t<\/div>\n\t\t\t\t\t<\/div>\n\t\t<\/div>\n\t\t\t\t\t<\/div>\n\t\t<\/section>\n\t\t\t\t<section class=\"elementor-section elementor-top-section elementor-element elementor-element-1296 elementor-hidden-desktop elementor-hidden-tablet elementor-hidden-mobile elementor-section-boxed elementor-section-height-default elementor-section-height-default\" data-id=\"1296\" data-element_type=\"section\">\n\t\t\t\t\t\t<div class=\"elementor-container elementor-column-gap-default\">\n\t\t\t\t\t<div class=\"elementor-column elementor-col-100 elementor-top-column elementor-element elementor-element-2db1\" data-id=\"2db1\" data-element_type=\"column\">\n\t\t\t<div class=\"elementor-widget-wrap elementor-element-populated\">\n\t\t\t\t\t\t<div class=\"elementor-element elementor-element-2858 elementor-widget elementor-widget-sober-logos\" data-id=\"2858\" data-element_type=\"widget\" data-widget_type=\"sober-logos.default\">\n\t\t\t\t<div class=\"elementor-widget-container\">\n\t\t\t\t\t\t\t<div class=\"sober-logos sober-logos--columns-4\">\n\t\t\t\t\t\t\t<figure class=\"sober-logos__logo\">\n\t\t\t\t\t<a class=\"sober-logos__logo-inner\" href=\"https:\/\/graphicriver.net\/\" target=\"_blank\" rel=\"nofollow\"><img decoding=\"async\" src=\"https:\/\/ik.imagekit.io\/vn49p9jmnnv7g\/sober\/logos\/logo-1_eDvfpMwZol.png\" alt=\"\"><\/a>\t\t\t\t<\/figure>\n\t\t\t\t\t\t\t<figure class=\"sober-logos__logo\">\n\t\t\t\t\t<a class=\"sober-logos__logo-inner\" href=\"https:\/\/themeforest.net\/\" target=\"_blank\" rel=\"nofollow\"><img decoding=\"async\" src=\"https:\/\/ik.imagekit.io\/vn49p9jmnnv7g\/sober\/logos\/logo-2_zfh4gZBDh.png\" alt=\"\"><\/a>\t\t\t\t<\/figure>\n\t\t\t\t\t\t\t<figure class=\"sober-logos__logo\">\n\t\t\t\t\t<a class=\"sober-logos__logo-inner\" href=\"https:\/\/audiojungle.net\/\" target=\"_blank\" rel=\"nofollow\"><img decoding=\"async\" src=\"https:\/\/ik.imagekit.io\/vn49p9jmnnv7g\/sober\/logos\/logo-3_SOUEYeDth.png\" alt=\"\"><\/a>\t\t\t\t<\/figure>\n\t\t\t\t\t\t\t<figure class=\"sober-logos__logo\">\n\t\t\t\t\t<a class=\"sober-logos__logo-inner\" href=\"https:\/\/3docean.net\/\" target=\"_blank\" rel=\"nofollow\"><img decoding=\"async\" src=\"https:\/\/ik.imagekit.io\/vn49p9jmnnv7g\/sober\/logos\/logo-4_683H0D8zAy.png\" alt=\"\"><\/a>\t\t\t\t<\/figure>\n\t\t\t\t\t\t\t<figure class=\"sober-logos__logo\">\n\t\t\t\t\t<a class=\"sober-logos__logo-inner\" href=\"https:\/\/videohive.net\/\" target=\"_blank\" rel=\"nofollow\"><img decoding=\"async\" src=\"https:\/\/ik.imagekit.io\/vn49p9jmnnv7g\/sober\/logos\/logo-5_w5uEe2UMV.png\" alt=\"\"><\/a>\t\t\t\t<\/figure>\n\t\t\t\t\t\t\t<figure class=\"sober-logos__logo\">\n\t\t\t\t\t<a class=\"sober-logos__logo-inner\" href=\"https:\/\/photodune.net\/\" target=\"_blank\" rel=\"nofollow\"><img decoding=\"async\" src=\"https:\/\/ik.imagekit.io\/vn49p9jmnnv7g\/sober\/logos\/logo-6_3a05oxNva.png\" alt=\"\"><\/a>\t\t\t\t<\/figure>\n\t\t\t\t\t\t\t<figure class=\"sober-logos__logo\">\n\t\t\t\t\t<a class=\"sober-logos__logo-inner\" href=\"https:\/\/codecanyon.net\/\" target=\"_blank\" rel=\"nofollow\"><img decoding=\"async\" src=\"https:\/\/ik.imagekit.io\/vn49p9jmnnv7g\/sober\/logos\/logo-7_ip4ideSzM.png\" alt=\"\"><\/a>\t\t\t\t<\/figure>\n\t\t\t\t\t<\/div>\n\t\t\t\t\t\t<\/div>\n\t\t\t\t<\/div>\n\t\t\t\t\t<\/div>\n\t\t<\/div>\n\t\t\t\t\t<\/div>\n\t\t<\/section>\n\t\t\t\t<\/div>\n\t\t","protected":false},"excerpt":{"rendered":"<p>Natural design that transforms spaces At Bamb\u00fa Deco, we believe that a home should convey balance, warmth, and personality. That&#8217;s why we design and select bamboo furniture and natural materials&hellip;<\/p>\n","protected":false},"author":1,"featured_media":0,"parent":0,"menu_order":0,"comment_status":"closed","ping_status":"closed","template":"","meta":{"_joinchat":[],"footnotes":""},"class_list":["post-3373","page","type-page","status-publish","hentry"],"yoast_head":"<!-- This site is optimized with the Yoast SEO plugin v26.8 - https:\/\/yoast.com\/product\/yoast-seo-wordpress\/ -->\n<title>About us - Muebles de Bamb\u00fa | Dise\u00f1o Natural y Elegante | Bamb\u00fa Deco<\/title>\n<meta name=\"robots\" content=\"noindex, follow\" \/>\n<meta property=\"og:locale\" content=\"en_US\" \/>\n<meta property=\"og:type\" content=\"article\" \/>\n<meta property=\"og:title\" content=\"About us - Muebles de Bamb\u00fa | Dise\u00f1o Natural y Elegante | Bamb\u00fa Deco\" \/>\n<meta property=\"og:description\" content=\"Natural design that transforms spaces At Bamb\u00fa Deco, we believe that a home should convey balance, warmth, and personality. That&#8217;s why we design and select bamboo furniture and natural materials&hellip;\" \/>\n<meta property=\"og:url\" content=\"https:\/\/bambudeco.com\/sobre-nosotros\/\" \/>\n<meta property=\"og:site_name\" content=\"Muebles de Bamb\u00fa | Dise\u00f1o Natural y Elegante | Bamb\u00fa Deco\" \/>\n<meta property=\"article:modified_time\" content=\"2026-02-03T08:21:37+00:00\" \/>\n<meta property=\"og:image\" content=\"https:\/\/ik.imagekit.io\/vn49p9jmnnv7g\/sober\/rocket_5RTHnVkFv.svg\" \/>\n<meta name=\"twitter:card\" content=\"summary_large_image\" \/>\n<meta name=\"twitter:label1\" content=\"Est. reading time\" \/>\n\t<meta name=\"twitter:data1\" content=\"1 minute\" \/>\n<script type=\"application\/ld+json\" class=\"yoast-schema-graph\">{\"@context\":\"https:\/\/schema.org\",\"@graph\":[{\"@type\":\"WebPage\",\"@id\":\"https:\/\/bambudeco.com\/sobre-nosotros\/\",\"url\":\"https:\/\/bambudeco.com\/sobre-nosotros\/\",\"name\":\"About us - Muebles de Bamb\u00fa | Dise\u00f1o Natural y Elegante | Bamb\u00fa Deco\",\"isPartOf\":{\"@id\":\"https:\/\/bambudeco.com\/#website\"},\"primaryImageOfPage\":{\"@id\":\"https:\/\/bambudeco.com\/sobre-nosotros\/#primaryimage\"},\"image\":{\"@id\":\"https:\/\/bambudeco.com\/sobre-nosotros\/#primaryimage\"},\"thumbnailUrl\":\"https:\/\/ik.imagekit.io\/vn49p9jmnnv7g\/sober\/rocket_5RTHnVkFv.svg\",\"datePublished\":\"2017-06-07T14:30:24+00:00\",\"dateModified\":\"2026-02-03T08:21:37+00:00\",\"breadcrumb\":{\"@id\":\"https:\/\/bambudeco.com\/sobre-nosotros\/#breadcrumb\"},\"inLanguage\":\"en-US\",\"potentialAction\":[{\"@type\":\"ReadAction\",\"target\":[\"https:\/\/bambudeco.com\/sobre-nosotros\/\"]}]},{\"@type\":\"ImageObject\",\"inLanguage\":\"en-US\",\"@id\":\"https:\/\/bambudeco.com\/sobre-nosotros\/#primaryimage\",\"url\":\"https:\/\/ik.imagekit.io\/vn49p9jmnnv7g\/sober\/rocket_5RTHnVkFv.svg\",\"contentUrl\":\"https:\/\/ik.imagekit.io\/vn49p9jmnnv7g\/sober\/rocket_5RTHnVkFv.svg\"},{\"@type\":\"BreadcrumbList\",\"@id\":\"https:\/\/bambudeco.com\/sobre-nosotros\/#breadcrumb\",\"itemListElement\":[{\"@type\":\"ListItem\",\"position\":1,\"name\":\"Portada\",\"item\":\"https:\/\/bambudeco.com\/\"},{\"@type\":\"ListItem\",\"position\":2,\"name\":\"About us\"}]},{\"@type\":\"WebSite\",\"@id\":\"https:\/\/bambudeco.com\/#website\",\"url\":\"https:\/\/bambudeco.com\/\",\"name\":\"Muebles de Bamb\u00fa | Dise\u00f1o Natural y Elegante | Bamb\u00fa Deco\",\"description\":\"Descubre muebles de bamb\u00fa de alta calidad para interior y exterior. Sof\u00e1s, sillones y mesas con dise\u00f1o natural, sostenible y elegante.\",\"publisher\":{\"@id\":\"https:\/\/bambudeco.com\/#organization\"},\"potentialAction\":[{\"@type\":\"SearchAction\",\"target\":{\"@type\":\"EntryPoint\",\"urlTemplate\":\"https:\/\/bambudeco.com\/?s={search_term_string}\"},\"query-input\":{\"@type\":\"PropertyValueSpecification\",\"valueRequired\":true,\"valueName\":\"search_term_string\"}}],\"inLanguage\":\"en-US\"},{\"@type\":\"Organization\",\"@id\":\"https:\/\/bambudeco.com\/#organization\",\"name\":\"Muebles de Bamb\u00fa | Dise\u00f1o Natural y Elegante | Bamb\u00fa Deco\",\"url\":\"https:\/\/bambudeco.com\/\",\"logo\":{\"@type\":\"ImageObject\",\"inLanguage\":\"en-US\",\"@id\":\"https:\/\/bambudeco.com\/#\/schema\/logo\/image\/\",\"url\":\"https:\/\/bambudeco.com\/wp-content\/uploads\/2026\/01\/bambu-deco-logo.png\",\"contentUrl\":\"https:\/\/bambudeco.com\/wp-content\/uploads\/2026\/01\/bambu-deco-logo.png\",\"width\":1023,\"height\":286,\"caption\":\"Muebles de Bamb\u00fa | Dise\u00f1o Natural y Elegante | Bamb\u00fa Deco\"},\"image\":{\"@id\":\"https:\/\/bambudeco.com\/#\/schema\/logo\/image\/\"}}]}<\/script>\n<!-- \/ Yoast SEO plugin. -->","yoast_head_json":{"title":"About us - Muebles de Bamb\u00fa | Dise\u00f1o Natural y Elegante | Bamb\u00fa Deco","robots":{"index":"noindex","follow":"follow"},"og_locale":"en_US","og_type":"article","og_title":"About us - Muebles de Bamb\u00fa | Dise\u00f1o Natural y Elegante | Bamb\u00fa Deco","og_description":"Natural design that transforms spaces At Bamb\u00fa Deco, we believe that a home should convey balance, warmth, and personality. That&#8217;s why we design and select bamboo furniture and natural materials&hellip;","og_url":"https:\/\/bambudeco.com\/sobre-nosotros\/","og_site_name":"Muebles de Bamb\u00fa | Dise\u00f1o Natural y Elegante | Bamb\u00fa Deco","article_modified_time":"2026-02-03T08:21:37+00:00","og_image":[{"url":"https:\/\/ik.imagekit.io\/vn49p9jmnnv7g\/sober\/rocket_5RTHnVkFv.svg","type":"","width":"","height":""}],"twitter_card":"summary_large_image","twitter_misc":{"Est. reading time":"1 minute"},"schema":{"@context":"https:\/\/schema.org","@graph":[{"@type":"WebPage","@id":"https:\/\/bambudeco.com\/sobre-nosotros\/","url":"https:\/\/bambudeco.com\/sobre-nosotros\/","name":"About us - Muebles de Bamb\u00fa | Dise\u00f1o Natural y Elegante | Bamb\u00fa Deco","isPartOf":{"@id":"https:\/\/bambudeco.com\/#website"},"primaryImageOfPage":{"@id":"https:\/\/bambudeco.com\/sobre-nosotros\/#primaryimage"},"image":{"@id":"https:\/\/bambudeco.com\/sobre-nosotros\/#primaryimage"},"thumbnailUrl":"https:\/\/ik.imagekit.io\/vn49p9jmnnv7g\/sober\/rocket_5RTHnVkFv.svg","datePublished":"2017-06-07T14:30:24+00:00","dateModified":"2026-02-03T08:21:37+00:00","breadcrumb":{"@id":"https:\/\/bambudeco.com\/sobre-nosotros\/#breadcrumb"},"inLanguage":"en-US","potentialAction":[{"@type":"ReadAction","target":["https:\/\/bambudeco.com\/sobre-nosotros\/"]}]},{"@type":"ImageObject","inLanguage":"en-US","@id":"https:\/\/bambudeco.com\/sobre-nosotros\/#primaryimage","url":"https:\/\/ik.imagekit.io\/vn49p9jmnnv7g\/sober\/rocket_5RTHnVkFv.svg","contentUrl":"https:\/\/ik.imagekit.io\/vn49p9jmnnv7g\/sober\/rocket_5RTHnVkFv.svg"},{"@type":"BreadcrumbList","@id":"https:\/\/bambudeco.com\/sobre-nosotros\/#breadcrumb","itemListElement":[{"@type":"ListItem","position":1,"name":"Portada","item":"https:\/\/bambudeco.com\/"},{"@type":"ListItem","position":2,"name":"About us"}]},{"@type":"WebSite","@id":"https:\/\/bambudeco.com\/#website","url":"https:\/\/bambudeco.com\/","name":"Muebles de Bamb\u00fa | Dise\u00f1o Natural y Elegante | Bamb\u00fa Deco","description":"Descubre muebles de bamb\u00fa de alta calidad para interior y exterior. Sof\u00e1s, sillones y mesas con dise\u00f1o natural, sostenible y elegante.","publisher":{"@id":"https:\/\/bambudeco.com\/#organization"},"potentialAction":[{"@type":"SearchAction","target":{"@type":"EntryPoint","urlTemplate":"https:\/\/bambudeco.com\/?s={search_term_string}"},"query-input":{"@type":"PropertyValueSpecification","valueRequired":true,"valueName":"search_term_string"}}],"inLanguage":"en-US"},{"@type":"Organization","@id":"https:\/\/bambudeco.com\/#organization","name":"Muebles de Bamb\u00fa | Dise\u00f1o Natural y Elegante | Bamb\u00fa Deco","url":"https:\/\/bambudeco.com\/","logo":{"@type":"ImageObject","inLanguage":"en-US","@id":"https:\/\/bambudeco.com\/#\/schema\/logo\/image\/","url":"https:\/\/bambudeco.com\/wp-content\/uploads\/2026\/01\/bambu-deco-logo.png","contentUrl":"https:\/\/bambudeco.com\/wp-content\/uploads\/2026\/01\/bambu-deco-logo.png","width":1023,"height":286,"caption":"Muebles de Bamb\u00fa | Dise\u00f1o Natural y Elegante | Bamb\u00fa Deco"},"image":{"@id":"https:\/\/bambudeco.com\/#\/schema\/logo\/image\/"}}]}},"_hostinger_reach_plugin_has_subscription_block":false,"_hostinger_reach_plugin_is_elementor":false,"_links":{"self":[{"href":"https:\/\/bambudeco.com\/en\/wp-json\/wp\/v2\/pages\/3373","targetHints":{"allow":["GET"]}}],"collection":[{"href":"https:\/\/bambudeco.com\/en\/wp-json\/wp\/v2\/pages"}],"about":[{"href":"https:\/\/bambudeco.com\/en\/wp-json\/wp\/v2\/types\/page"}],"author":[{"embeddable":true,"href":"https:\/\/bambudeco.com\/en\/wp-json\/wp\/v2\/users\/1"}],"replies":[{"embeddable":true,"href":"https:\/\/bambudeco.com\/en\/wp-json\/wp\/v2\/comments?post=3373"}],"version-history":[{"count":2,"href":"https:\/\/bambudeco.com\/en\/wp-json\/wp\/v2\/pages\/3373\/revisions"}],"predecessor-version":[{"id":3378,"href":"https:\/\/bambudeco.com\/en\/wp-json\/wp\/v2\/pages\/3373\/revisions\/3378"}],"wp:attachment":[{"href":"https:\/\/bambudeco.com\/en\/wp-json\/wp\/v2\/media?parent=3373"}],"curies":[{"name":"wp","href":"https:\/\/api.w.org\/{rel}","templated":true}]}}